{"id":99,"date":"2025-04-18T15:29:20","date_gmt":"2025-04-18T13:29:20","guid":{"rendered":"https:\/\/www.pathletes.de\/impressum\/"},"modified":"2025-12-01T22:35:47","modified_gmt":"2025-12-01T21:35:47","slug":"impressum","status":"publish","type":"page","link":"https:\/\/www.pathletes.de\/de\/impressum\/","title":{"rendered":"Impressum"},"content":{"rendered":"<p>[et_pb_section admin_label=&#8221;section&#8221;]<br \/>\n\t\t\t[et_pb_row admin_label=&#8221;row&#8221;]<br \/>\n\t\t\t\t[et_pb_column type=&#8221;4_4&#8243;][et_pb_text admin_label=&#8221;Text&#8221;]<strong>Pathletes<\/strong><br \/>\nMaibaumstra\u00dfe 71b<br \/>\n58840 Plettenberg<br \/>\nCountry<\/p>\n<h2>Kontaktinformationen<\/h2>\n<p><strong>Telefon:<\/strong>\u00a0+49(0) 2391 \u2013 606869<br \/>\n<strong>E-mail:<\/strong>\u00a0<a href=\"mailto:support@pathletes.de\">support@pathletes.de<\/a><\/p>\n<h2>Bevollm\u00e4chtigte Vertreter<\/h2>\n<p>Heiko H\u00f6fner<\/p>\n<h2>Unternehmensdaten<\/h2>\n<p>FA L\u00fcdenscheid<br \/>\nUst-Id-Nr: DE171502827<\/p>\n<p><div class=\"woocommerce woocommerce-gzd woocommerce-gzd-complaints-shortcode\">\n\t\t\t<h3>Alternative Streitbeilegung gem\u00e4\u00df Art. 14 Abs. 1 ODR-VO und \u00a7 36 VSBG:<\/h3>\n\t\nZur Teilnahme an einem Streitbeilegungsverfahren vor einer Verbraucherschlichtungsstelle sind wir nicht verpflichtet und nicht bereit.<\/div>[\/et_pb_text][\/et_pb_column]<br \/>\n\t\t\t[\/et_pb_row]<br \/>\n\t\t[\/et_pb_section]<\/p>","protected":false},"excerpt":{"rendered":"<p>Pathletes Maibaumstra\u00dfe 71b 58840 Plettenberg Germany Kontaktinformationen Telefon:\u00a0+49(0) 2391 \u2013 606869 E-mail:\u00a0support@pathletes.de Bevollm\u00e4chtigte Vertreter Heiko H\u00f6fner Unternehmensdaten FA L\u00fcdenscheid Ust-Id-Nr: DE171502827 <div class=\"woocommerce woocommerce-gzd woocommerce-gzd-complaints-shortcode\">\n\t\t\t<h3>Alternative Streitbeilegung gem\u00e4\u00df Art. 14 Abs. 1 ODR-VO und \u00a7 36 VSBG:<\/h3>\n\t\nZur Teilnahme an einem Streitbeilegungsverfahren vor einer Verbraucherschlichtungsstelle sind wir nicht verpflichtet und nicht bereit.<\/div><\/p>","protected":false},"author":1,"featured_media":0,"parent":0,"menu_order":0,"comment_status":"closed","ping_status":"closed","template":"","meta":{"_et_pb_use_builder":"on","_et_pb_old_content":"<strong>Pathletes<\/strong>\nMaibaumstra\u00dfe 71b\n58840 Plettenberg\nGermany\n<h2>Kontaktinformationen<\/h2>\n<strong>Telefon:<\/strong>\u00a0+49(0) 2391 \u2013 606869\n<strong>E-mail:<\/strong>\u00a0<a href=\"mailto:support@pathletes.de\">support@pathletes.de<\/a>\n<h2>Bevollm\u00e4chtigte Vertreter<\/h2>\nHeiko H\u00f6fner\n<h2>Unternehmensdaten<\/h2>\nFA L\u00fcdenscheid\nUst-Id-Nr: DE171502827\n\n[gzd_complaints]","_et_gb_content_width":"","om_disable_all_campaigns":false,"_monsterinsights_skip_tracking":false,"_monsterinsights_sitenote_active":false,"_monsterinsights_sitenote_note":"","_monsterinsights_sitenote_category":0,"footnotes":""},"class_list":["post-99","page","type-page","status-publish","hentry"],"aioseo_notices":[],"_links":{"self":[{"href":"https:\/\/www.pathletes.de\/de\/wp-json\/wp\/v2\/pages\/99","targetHints":{"allow":["GET"]}}],"collection":[{"href":"https:\/\/www.pathletes.de\/de\/wp-json\/wp\/v2\/pages"}],"about":[{"href":"https:\/\/www.pathletes.de\/de\/wp-json\/wp\/v2\/types\/page"}],"author":[{"embeddable":true,"href":"https:\/\/www.pathletes.de\/de\/wp-json\/wp\/v2\/users\/1"}],"replies":[{"embeddable":true,"href":"https:\/\/www.pathletes.de\/de\/wp-json\/wp\/v2\/comments?post=99"}],"version-history":[{"count":5,"href":"https:\/\/www.pathletes.de\/de\/wp-json\/wp\/v2\/pages\/99\/revisions"}],"predecessor-version":[{"id":976,"href":"https:\/\/www.pathletes.de\/de\/wp-json\/wp\/v2\/pages\/99\/revisions\/976"}],"wp:attachment":[{"href":"https:\/\/www.pathletes.de\/de\/wp-json\/wp\/v2\/media?parent=99"}],"curies":[{"name":"wp","href":"https:\/\/api.w.org\/{rel}","templated":true}]}}